{"id":28,"date":"2021-06-10T11:44:05","date_gmt":"2021-06-10T09:44:05","guid":{"rendered":"http:\/\/pielgrzymkagorzowska.diecezjazg.pl\/?page_id=28"},"modified":"2025-04-30T10:57:07","modified_gmt":"2025-04-30T08:57:07","slug":"kontakt","status":"publish","type":"page","link":"https:\/\/pielgrzymkagorzowska.diecezjazg.pl\/index.php\/kontakt\/","title":{"rendered":"Kontakt"},"content":{"rendered":"<h3 style=\"text-align: center;\"><strong>Kierownik Pieszej Pielgrzymki Diecezji Zielonog\u00f3rsko-Gorzowskiej z Gorzowa Wlkp. na Jasn\u0105 G\u00f3r\u0119<\/strong><\/h3>\n<p style=\"text-align: center;\">ks. Krzysztof Kolanowski<\/p>\n<p style=\"text-align: center;\">tel: 783-932-121<\/p>\n<h3 style=\"text-align: center;\"><strong>Zast\u0119pca Kierownika Pieszej Pielgrzymki Diecezji Zielonog\u00f3rsko-Gorzowskiej z Gorzowa Wlkp. <\/strong><\/h3>\n<h3 style=\"text-align: center;\"><strong>na Jasn\u0105 G\u00f3r\u0119<\/strong><\/h3>\n<p style=\"text-align: center;\">ks. Rafa\u0142 Kierczuk<\/p>\n<p style=\"text-align: center;\">e-mail:\u00a0<a href=\"mailto:pielgrzymkagorzowska@diecezjazg.pl\">r<\/a><a href=\"mailto:kierczuk@gmail.com\">kierczuk@gmail.com<\/a><\/p>\n<p style=\"text-align: center;\">tel: 606-127-484<\/p>\n<h3 style=\"text-align: center;\">DELEGAT BISKUPA DIECEZJALNEGO DS. OCHRONY DZIECI I M\u0141ODZIE\u017bY<\/h3>\n<p style=\"text-align: center;\">ks. kan. dr Dariusz MAZURKIEWICZ<\/p>\n<p style=\"text-align: center;\">Go\u015bcikowo 3<br \/>\n66-200 \u015awiebodzin<br \/>\ne-mail: <a href=\"mailto:d.mazurkiewicz@diecezjazg.pl\">d.mazurkiewicz@diecezjazg.pl<\/a><br \/>\ntel. 663-364-994<\/p>\n","protected":false},"excerpt":{"rendered":"<p>Kierownik Pieszej Pielgrzymki Diecezji Zielonog\u00f3rsko-Gorzowskiej z Gorzowa Wlkp. na Jasn\u0105 G\u00f3r\u0119 ks. Krzysztof Kolanowski tel: 783-932-121 Zast\u0119pca Kierownika Pieszej Pielgrzymki Diecezji Zielonog\u00f3rsko-Gorzowskiej z Gorzowa Wlkp. na Jasn\u0105 G\u00f3r\u0119 ks. Rafa\u0142 Kierczuk e-mail:\u00a0rkierczuk@gmail.com tel: 606-127-484 DELEGAT BISKUPA DIECEZJALNEGO DS. OCHRONY DZIECI I M\u0141ODZIE\u017bY ks. kan. dr Dariusz MAZURKIEWICZ Go\u015bcikowo 3 66-200 \u015awiebodzin e-mail: d.mazurkiewicz@diecezjazg.pl tel. 663-364-994<\/p>\n","protected":false},"author":2,"featured_media":15,"parent":0,"menu_order":0,"comment_status":"closed","ping_status":"closed","template":"","meta":{"footnotes":""},"class_list":["post-28","page","type-page","status-publish","has-post-thumbnail","hentry"],"_links":{"self":[{"href":"https:\/\/pielgrzymkagorzowska.diecezjazg.pl\/index.php\/wp-json\/wp\/v2\/pages\/28","targetHints":{"allow":["GET"]}}],"collection":[{"href":"https:\/\/pielgrzymkagorzowska.diecezjazg.pl\/index.php\/wp-json\/wp\/v2\/pages"}],"about":[{"href":"https:\/\/pielgrzymkagorzowska.diecezjazg.pl\/index.php\/wp-json\/wp\/v2\/types\/page"}],"author":[{"embeddable":true,"href":"https:\/\/pielgrzymkagorzowska.diecezjazg.pl\/index.php\/wp-json\/wp\/v2\/users\/2"}],"replies":[{"embeddable":true,"href":"https:\/\/pielgrzymkagorzowska.diecezjazg.pl\/index.php\/wp-json\/wp\/v2\/comments?post=28"}],"version-history":[{"count":13,"href":"https:\/\/pielgrzymkagorzowska.diecezjazg.pl\/index.php\/wp-json\/wp\/v2\/pages\/28\/revisions"}],"predecessor-version":[{"id":527,"href":"https:\/\/pielgrzymkagorzowska.diecezjazg.pl\/index.php\/wp-json\/wp\/v2\/pages\/28\/revisions\/527"}],"wp:featuredmedia":[{"embeddable":true,"href":"https:\/\/pielgrzymkagorzowska.diecezjazg.pl\/index.php\/wp-json\/wp\/v2\/media\/15"}],"wp:attachment":[{"href":"https:\/\/pielgrzymkagorzowska.diecezjazg.pl\/index.php\/wp-json\/wp\/v2\/media?parent=28"}],"curies":[{"name":"wp","href":"https:\/\/api.w.org\/{rel}","templated":true}]}}