{"id":10,"date":"2021-06-10T10:53:21","date_gmt":"2021-06-10T08:53:21","guid":{"rendered":"http:\/\/pielgrzymkagorzowska.diecezjazg.pl\/index.php\/mesmerize\/"},"modified":"2025-12-01T11:43:41","modified_gmt":"2025-12-01T10:43:41","slug":"mesmerize","status":"publish","type":"page","link":"https:\/\/pielgrzymkagorzowska.diecezjazg.pl\/","title":{"rendered":"Strona g\u0142\u00f3wna"},"content":{"rendered":"<h3 style=\"text-align: center;\">Serdecznie zapraszamy wszystkich pielgrzym\u00f3w Pieszej Pielgrzymki z Gorzowa Wielkopolskiego na Jasn\u0105 G\u00f3r\u0119, na spotkanie op\u0142atkowe, kt\u00f3re odb\u0119dzie si\u0119:<\/h3>\r\n<h3 style=\"text-align: center;\">11 stycznia 2026 roku (niedziela) o godz. 16.00\r\nw parafii pw. Pierwszych M\u0119czennik\u00f3w Polski\r\nw Gorzowie Wielkopolskim.<\/h3>\r\n<h3 style=\"text-align: center;\">B\u0119dzie to czas wsp\u00f3lnej modlitwy, kol\u0119dowania, spotkania i rozmowy, a przede wszystkim \u2013 rado\u015bci ze wsp\u00f3lnoty, kt\u00f3r\u0105 tworzymy jako pielgrzymi.\r\n<img fetchpriority=\"high\" decoding=\"async\" src=\"https:\/\/pielgrzymkagorzowska.diecezjazg.pl\/wp-content\/uploads\/2025\/12\/Spotkanie-oplatkowe-pielgrzymka.jpeg\" alt=\"\" width=\"940\" height=\"788\" class=\"wp-image-560 size-full aligncenter\" srcset=\"https:\/\/pielgrzymkagorzowska.diecezjazg.pl\/wp-content\/uploads\/2025\/12\/Spotkanie-oplatkowe-pielgrzymka.jpeg 940w, https:\/\/pielgrzymkagorzowska.diecezjazg.pl\/wp-content\/uploads\/2025\/12\/Spotkanie-oplatkowe-pielgrzymka-300x251.jpeg 300w, https:\/\/pielgrzymkagorzowska.diecezjazg.pl\/wp-content\/uploads\/2025\/12\/Spotkanie-oplatkowe-pielgrzymka-768x644.jpeg 768w\" sizes=\"(max-width: 940px) 100vw, 940px\" \/><\/h3>\r\nSerdecznie zapraszamy wszystkich pielgrzym\u00f3w\u00a0 na spotkanie, kt\u00f3re odb\u0119dzie si\u0119 27 wrze\u015bnia o godz. 18.00. Rozpocz\u0119cie Msz\u0105 \u015awi\u0119t\u0105 w parafii Pierwszych M\u0119czennik\u00f3w Polski w Gorzowie Wielkopolskim.\r\n<h3 style=\"text-align: center;\">Po spotkaniu wsp\u00f3lne \u015bwi\u0119towanie w Wieczerniku.<\/h3>\r\nKilka wa\u017cnych informacji !!!\r\n<h4 style=\"text-align: center;\">Dzi\u0119kujemy wszystkim, kt\u00f3rzy ju\u017c s\u0105 zapisani w formularzu pielgrzymkowym i z ut\u0119sknieniem czekamy na reszt\u0119 naszych braci i si\u00f3str chc\u0105cych do\u0142\u0105czy\u0107 do naszej wsp\u00f3lnoty!!! W tym roku nasze pielgrzymowanie rozpoczynamy Msz\u0105 \u015awi\u0119t\u0105 o godz. 7.00 w gorzowskiej katedrze sprawowan\u0105 pod przewodnictwem Ksi\u0119dza Biskupa.<\/h4>\r\n<h4 style=\"text-align: center;\">Pakowanie baga\u017cy dla pielgrzym\u00f3w mieszkaj\u0105cych w Gorzowie Wielkopolskim odb\u0119dzie si\u0119\u00a0 30 lipca w godz. 18.00 -20.00 przy parafii pw. \u015bw. Maksymiliana MARII KOLBE ul. Czere\u015bniowa 15. (na dziedzi\u0144cu parafii).<\/h4>\r\n<h4 style=\"text-align: center;\">Dla os\u00f3b spoza Gorzowa Wlkp. b\u0119dzie mo\u017cliwo\u015b\u0107 spakowania baga\u017cy 31 lipca w godz. 6.30. 7.00 na dziedzi\u0144cu plebanii katedralnej.<\/h4>\r\n<h4 style=\"text-align: center;\">Przypominamy, \u017ce w tym roku, ze wzgl\u0119du na du\u017c\u0105 ilo\u015b\u0107 \u015bmieci, kt\u00f3re wytwarzaj\u0105 jednorazowe naczynia, wracamy do tego co dobre i sprawdzone. Ka\u017cdy pielgrzym jest zobowi\u0105zany do zabrania z sob\u0105 na tras\u0119 metalowego kubeczka i sztu\u0107c\u00f3w na drog\u0119!!!!<\/h4>\r\n<h3 style=\"text-align: center;\"><a href=\"https:\/\/pielgrzymkagorzowska.diecezjazg.pl\/index.php\/zapisy\/\">Przypominamy, \u017ce trwaj\u0105 zapisy na 43 piesz\u0105 pielgrzymk\u0119\r\nz Gorzowa Wlkp. na Jasn\u0105 G\u00f3r\u0119.\r\nFormularz zapisowy dost\u0119pny jest w sekcji &#8222;zapisy&#8221;<\/a><\/h3>\r\n<h2 style=\"text-align: center;\">31 lipiec -12 sierpie\u0144<\/h2>\r\n<img decoding=\"async\" src=\"https:\/\/pielgrzymkagorzowska.diecezjazg.pl\/wp-content\/uploads\/2025\/04\/plakat_2025-2.png\" alt=\"\" width=\"854\" height=\"1207\" class=\"wp-image-513 size-full aligncenter\" srcset=\"https:\/\/pielgrzymkagorzowska.diecezjazg.pl\/wp-content\/uploads\/2025\/04\/plakat_2025-2.png 854w, https:\/\/pielgrzymkagorzowska.diecezjazg.pl\/wp-content\/uploads\/2025\/04\/plakat_2025-2-212x300.png 212w, https:\/\/pielgrzymkagorzowska.diecezjazg.pl\/wp-content\/uploads\/2025\/04\/plakat_2025-2-725x1024.png 725w, https:\/\/pielgrzymkagorzowska.diecezjazg.pl\/wp-content\/uploads\/2025\/04\/plakat_2025-2-768x1085.png 768w, https:\/\/pielgrzymkagorzowska.diecezjazg.pl\/wp-content\/uploads\/2025\/04\/plakat_2025-2-764x1080.png 764w\" sizes=\"(max-width: 854px) 100vw, 854px\" \/>","protected":false},"excerpt":{"rendered":"<p>Serdecznie zapraszamy wszystkich pielgrzym\u00f3w Pieszej Pielgrzymki z Gorzowa Wielkopolskiego na Jasn\u0105 G\u00f3r\u0119, na spotkanie op\u0142atkowe, kt\u00f3re odb\u0119dzie si\u0119: 11 stycznia 2026 roku (niedziela) o godz. 16.00 w parafii pw. Pierwszych M\u0119czennik\u00f3w Polski w Gorzowie Wielkopolskim. B\u0119dzie to czas wsp\u00f3lnej modlitwy, kol\u0119dowania, spotkania i rozmowy, a przede wszystkim \u2013 rado\u015bci ze wsp\u00f3lnoty, kt\u00f3r\u0105 tworzymy jako pielgrzymi.&hellip; <br \/> <a class=\"read-more\" href=\"https:\/\/pielgrzymkagorzowska.diecezjazg.pl\/\">Dowiedz si\u0119 wi\u0119cej<\/a><\/p>\n","protected":false},"author":2,"featured_media":0,"parent":0,"menu_order":0,"comment_status":"closed","ping_status":"closed","template":"page-templates\/homepage.php","meta":{"footnotes":""},"class_list":["post-10","page","type-page","status-publish","hentry"],"_links":{"self":[{"href":"https:\/\/pielgrzymkagorzowska.diecezjazg.pl\/index.php\/wp-json\/wp\/v2\/pages\/10","targetHints":{"allow":["GET"]}}],"collection":[{"href":"https:\/\/pielgrzymkagorzowska.diecezjazg.pl\/index.php\/wp-json\/wp\/v2\/pages"}],"about":[{"href":"https:\/\/pielgrzymkagorzowska.diecezjazg.pl\/index.php\/wp-json\/wp\/v2\/types\/page"}],"author":[{"embeddable":true,"href":"https:\/\/pielgrzymkagorzowska.diecezjazg.pl\/index.php\/wp-json\/wp\/v2\/users\/2"}],"replies":[{"embeddable":true,"href":"https:\/\/pielgrzymkagorzowska.diecezjazg.pl\/index.php\/wp-json\/wp\/v2\/comments?post=10"}],"version-history":[{"count":54,"href":"https:\/\/pielgrzymkagorzowska.diecezjazg.pl\/index.php\/wp-json\/wp\/v2\/pages\/10\/revisions"}],"predecessor-version":[{"id":563,"href":"https:\/\/pielgrzymkagorzowska.diecezjazg.pl\/index.php\/wp-json\/wp\/v2\/pages\/10\/revisions\/563"}],"wp:attachment":[{"href":"https:\/\/pielgrzymkagorzowska.diecezjazg.pl\/index.php\/wp-json\/wp\/v2\/media?parent=10"}],"curies":[{"name":"wp","href":"https:\/\/api.w.org\/{rel}","templated":true}]}}